{"id":33,"date":"2022-12-29T12:51:24","date_gmt":"2022-12-29T12:51:24","guid":{"rendered":"http:\/\/bursakiralikfabrika.com\/?page_id=33"},"modified":"2022-12-31T01:27:59","modified_gmt":"2022-12-31T01:27:59","slug":"contact","status":"publish","type":"page","link":"https:\/\/bursakiralikfabrika.com\/index.php\/contact\/","title":{"rendered":"\u0130leti\u015fim"},"content":{"rendered":"\r\n<div class=\"is-layout-flex wp-container-2 wp-block-columns alignfull\">\r\n<div class=\"is-layout-flow wp-block-column\"> <iframe width=\"1900\" height=\"400\" style=\"border: 0;\" src=\"https:\/\/www.google.com\/maps\/embed?pb=!1m18!1m12!1m3!1d3046.126469548547!2d28.9148752!3d40.228490199999996!2m3!1f0!2f0!3f0!3m2!1i1024!2i768!4f13.1!3m3!1m2!1s0x14ca1320e8f5364f%3A0xd7f2b6d7ccae6482!2sFatih%20Gayrimenkul%20Yat%C4%B1r%C4%B1m!5e0!3m2!1str!2str!4v1672318785632!5m2!1str!2str\" allowfullscreen=\"allowfullscreen\" loading=\"lazy\" referrerpolicy=\"no-referrer-when-downgrade\"><\/iframe> \r\n\r\n\r\n<p>&nbsp;<\/p>\r\n<\/div>\r\n<\/div>\r\n\r\n\r\n\r\n<div class=\"is-layout-flex wp-container-9 wp-block-columns container\">\r\n<div class=\"is-layout-flow wp-block-column is-vertically-aligned-center\">\r\n<h2 class=\"hestia-title\">\u0130leti\u015fim<\/h2>\r\n\r\n\r\n\r\n<div style=\"height: 40px;\" aria-hidden=\"true\" class=\"wp-block-spacer\"><\/div>\r\n\r\n\r\n\r\n<div class=\"contact-wrapper\">\r\n<div class=\"content\"><form>\r\n<div class=\"form-group\"><input type=\"text\" id=\"fname\" name=\"firstname\" placeholder=\"\u0130sim Soyisim..\" \/><\/div>\r\n<div class=\"form-group\"><input type=\"text\" id=\"lname\" name=\"lastname\" placeholder=\"Telefon..\" \/><\/div>\r\n<div class=\"form-group\"><textarea id=\"Konu\" name=\"subject\" placeholder=\"Mesaj\u0131n\u0131z\u0131 yaz\u0131n..\" style=\"height: 200px;\"><\/textarea><\/div>\r\n<input type=\"submit\" value=\"Submit\" \/><\/form><\/div>\r\n<\/div>\r\n<\/div>\r\n\r\n\r\n\r\n<div class=\"is-layout-flow wp-block-column is-vertically-aligned-center\">\r\n<div class=\"is-layout-flex wp-container-7 wp-block-columns\">\r\n<div class=\"is-layout-flow wp-block-column\"><\/div>\r\n\r\n\r\n\r\n<div class=\"is-layout-flow wp-block-column\" style=\"flex-basis: 50%;\">\r\n<h4 class=\"has-text-align-left hestia-title has-text-color\" style=\"color: #3c4858; font-size: 18px;\"><img decoding=\"async\" class=\"wp-image-86\" style=\"width: 25px;\" src=\"http:\/\/bursakiralikfabrika.com\/wp-content\/themes\/hestia\/assets\/img\/contact1.png\" alt=\"Map icon\" \/> <strong>Adresimiz<\/strong><\/h4>\r\n\r\n\r\n\r\n<p class=\"has-text-align-left has-text-color\" style=\"color: #999999; font-size: 14px;\">29 Ekim Mah. Ahmet Taner K\u0131\u015flal\u0131 Blv \u00d6zl\u00fcce Peksa Plaza, D:No:43\/B, 16120 Nil\u00fcfer\/Bursa<\/p>\r\n\r\n\r\n\r\n<div style=\"height: 40px;\" aria-hidden=\"true\" class=\"wp-block-spacer\"><\/div>\r\n\r\n\r\n\r\n<h4 class=\"has-text-align-left hestia-title has-text-color\" style=\"color: #3c4858; font-size: 18px;\"><img decoding=\"async\" class=\"wp-image-98\" style=\"width: 25px;\" src=\"http:\/\/bursakiralikfabrika.com\/wp-content\/themes\/hestia\/assets\/img\/contact2.png\" alt=\"\" \/> Bizi Aray\u0131n<\/h4>\r\n\r\n\r\n\r\n<p class=\"has-text-align-left has-text-color\" style=\"color: #999999; font-size: 14px;\">Hakan Ate\u015f<br \/>+90 542 357 28 47<\/p>\r\n\r\n\r\n\r\n<div style=\"height: 40px;\" aria-hidden=\"true\" class=\"wp-block-spacer\"><\/div>\r\n<\/div>\r\n\r\n\r\n\r\n<div class=\"is-layout-flow wp-block-column\"><\/div>\r\n<\/div>\r\n<\/div>\r\n<\/div>\r\n\r\n\r\n\r\n<p>&nbsp;<\/p>\r\n","protected":false},"excerpt":{"rendered":"<p>&nbsp; \u0130leti\u015fim Adresimiz 29 Ekim Mah. Ahmet Taner K\u0131\u015flal\u0131 Blv \u00d6zl\u00fcce Peksa Plaza, D:No:43\/B, 16120 Nil\u00fcfer\/Bursa Bizi Aray\u0131n Hakan Ate\u015f+90 542 357 28 47 &nbsp;<\/p>\n","protected":false},"author":1,"featured_media":25,"parent":0,"menu_order":0,"comment_status":"closed","ping_status":"closed","template":"page-templates\/template-pagebuilder-full-width.php","meta":{"_themeisle_gutenberg_block_has_review":false},"_links":{"self":[{"href":"https:\/\/bursakiralikfabrika.com\/index.php\/wp-json\/wp\/v2\/pages\/33"}],"collection":[{"href":"https:\/\/bursakiralikfabrika.com\/index.php\/wp-json\/wp\/v2\/pages"}],"about":[{"href":"https:\/\/bursakiralikfabrika.com\/index.php\/wp-json\/wp\/v2\/types\/page"}],"author":[{"embeddable":true,"href":"https:\/\/bursakiralikfabrika.com\/index.php\/wp-json\/wp\/v2\/users\/1"}],"replies":[{"embeddable":true,"href":"https:\/\/bursakiralikfabrika.com\/index.php\/wp-json\/wp\/v2\/comments?post=33"}],"version-history":[{"count":14,"href":"https:\/\/bursakiralikfabrika.com\/index.php\/wp-json\/wp\/v2\/pages\/33\/revisions"}],"predecessor-version":[{"id":154,"href":"https:\/\/bursakiralikfabrika.com\/index.php\/wp-json\/wp\/v2\/pages\/33\/revisions\/154"}],"wp:featuredmedia":[{"embeddable":true,"href":"https:\/\/bursakiralikfabrika.com\/index.php\/wp-json\/wp\/v2\/media\/25"}],"wp:attachment":[{"href":"https:\/\/bursakiralikfabrika.com\/index.php\/wp-json\/wp\/v2\/media?parent=33"}],"curies":[{"name":"wp","href":"https:\/\/api.w.org\/{rel}","templated":true}]}}